{"id":1350,"date":"2024-06-20T18:13:58","date_gmt":"2024-06-20T22:13:58","guid":{"rendered":"https:\/\/www.salvemoslapatagonia.cl\/eng\/?page_id=1350"},"modified":"2025-07-29T11:22:39","modified_gmt":"2025-07-29T15:22:39","slug":"sumate","status":"publish","type":"page","link":"https:\/\/www.salvemoslapatagonia.cl\/eng\/sumate\/","title":{"rendered":"Join us"},"content":{"rendered":"<p>[et_pb_section fb_built=&#8221;1&#8243; fullwidth=&#8221;on&#8221; _builder_version=&#8221;4.25.2&#8243; _module_preset=&#8221;default&#8221; global_colors_info=&#8221;{}&#8221;][et_pb_fullwidth_image src=&#8221;https:\/\/www.salvemoslapatagonia.cl\/eng\/wp-content\/uploads\/2024\/06\/sumate2.jpg&#8221; title_text=&#8221;sumate2&#8243; disabled_on=&#8221;on|off|off&#8221; _builder_version=&#8221;4.25.2&#8243; _module_preset=&#8221;default&#8221; global_colors_info=&#8221;{}&#8221;][\/et_pb_fullwidth_image][\/et_pb_section][et_pb_section fb_built=&#8221;1&#8243; _builder_version=&#8221;4.25.2&#8243; _module_preset=&#8221;default&#8221; background_color=&#8221;#003366&#8243; custom_padding=&#8221;30px||0px||false|false&#8221; global_colors_info=&#8221;{}&#8221;][et_pb_row _builder_version=&#8221;4.25.2&#8243; _module_preset=&#8221;default&#8221; custom_margin=&#8221;-23px|auto||auto||&#8221; custom_margin_tablet=&#8221;-23px|auto||auto||&#8221; custom_margin_phone=&#8221;-40px|auto|0px|auto|false|false&#8221; custom_margin_last_edited=&#8221;on|phone&#8221; custom_padding=&#8221;32px|||||&#8221; global_colors_info=&#8221;{}&#8221;][et_pb_column type=&#8221;4_4&#8243; _builder_version=&#8221;4.25.2&#8243; _module_preset=&#8221;default&#8221; global_colors_info=&#8221;{}&#8221;][et_pb_text _builder_version=&#8221;4.27.0&#8243; _module_preset=&#8221;default&#8221; text_font=&#8221;Signika|600|||||||&#8221; text_text_color=&#8221;#FFFFFF&#8221; text_font_size=&#8221;33px&#8221; text_line_height=&#8221;36px&#8221; width=&#8221;86%&#8221; module_alignment=&#8221;center&#8221; custom_margin=&#8221;||||true&#8221; hover_enabled=&#8221;0&#8243; text_font_size_tablet=&#8221;29px&#8221; text_font_size_phone=&#8221;29px&#8221; text_font_size_last_edited=&#8221;on|tablet&#8221; global_colors_info=&#8221;{}&#8221; sticky_enabled=&#8221;0&#8243;]<\/p>\n<p style=\"text-align: center;\"><b>Join the Save Patagonia Campaign<\/b><\/p>\n<p>[\/et_pb_text][\/et_pb_column][\/et_pb_row][\/et_pb_section][et_pb_section fb_built=&#8221;1&#8243; custom_padding_last_edited=&#8221;on|phone&#8221; _builder_version=&#8221;4.25.2&#8243; _module_preset=&#8221;default&#8221; background_color=&#8221;#003366&#8243; min_height=&#8221;122.8px&#8221; min_height_tablet=&#8221;135.3px&#8221; min_height_phone=&#8221;135.3px&#8221; min_height_last_edited=&#8221;on|tablet&#8221; custom_margin=&#8221;-27px|||||&#8221; custom_padding=&#8221;30px||0px||false|false&#8221; custom_padding_tablet=&#8221;30px||0px||false|false&#8221; custom_padding_phone=&#8221;30px||22px||false|false&#8221; global_colors_info=&#8221;{}&#8221;][et_pb_row _builder_version=&#8221;4.25.2&#8243; _module_preset=&#8221;default&#8221; min_height=&#8221;66px&#8221; custom_margin=&#8221;|auto|4px|auto|false|false&#8221; custom_padding=&#8221;0px||0px|||&#8221; global_colors_info=&#8221;{}&#8221;][et_pb_column type=&#8221;4_4&#8243; _builder_version=&#8221;4.25.2&#8243; _module_preset=&#8221;default&#8221; global_colors_info=&#8221;{}&#8221;][et_pb_text _builder_version=&#8221;4.27.0&#8243; _module_preset=&#8221;default&#8221; text_font=&#8221;Signika|600|||||||&#8221; text_text_color=&#8221;#FFFFFF&#8221; text_font_size=&#8221;21px&#8221; max_width=&#8221;80.8%&#8221; max_width_tablet=&#8221;73.8%&#8221; max_width_phone=&#8221;90.9%&#8221; max_width_last_edited=&#8221;on|phone&#8221; module_alignment=&#8221;center&#8221; custom_padding=&#8221;|0px||||&#8221; hover_enabled=&#8221;0&#8243; text_font_size_tablet=&#8221;21px&#8221; text_font_size_phone=&#8221;16px&#8221; text_font_size_last_edited=&#8221;on|phone&#8221; global_colors_info=&#8221;{}&#8221; sticky_enabled=&#8221;0&#8243;]<\/p>\n<p style=\"text-align: center;\"><span style=\"font-weight: 400;\">There are many ways to support the <strong>Save Patagonia<\/strong> campaign!<\/span><\/p>\n<p style=\"text-align: center;\"><span style=\"font-weight: 400;\">First of all, you can help a lot by following us on social media and sharing our content, so we can reach more people who feel inspired by this cause.<\/span><\/p>\n<p>&nbsp;<\/p>\n<p style=\"text-align: center;\"><span style=\"font-weight: 400;\">If you are part of an NGO and would like to join the Alliance, write to us at <a href=\"mailto:contacto@salvemoslapagonia.cl\">contacto@salvemoslapagonia.cl<\/a><\/span><\/p>\n<p style=\"text-align: center;\"><span style=\"font-weight: 400;\">If you want to receive more information about the campaign, you can subscribe to <a href=\"http:\/\/eepurl.com\/iR5adM\">our newsletter here<\/a><\/span><\/p>\n<p style=\"text-align: center;\"><span style=\"font-weight: 400;\">If you\u2019re a citizen passionate about environmental causes and have information to contribute to the campaign \u2014 such as studies, photos, theses, papers, or evidence \u2014 feel free to contact us at <a href=\"mailto:contacto@salvemoslapatagonia.cl\">contacto@salvemoslapagonia.cl<\/a><\/span><\/p>\n<p style=\"text-align: center;\"><span style=\"font-weight: 400;\">For the removal of salmon farms by the Defense Alliance \u2014 with no relocation. Together, let\u2019s Save Patagonia!<\/span><\/p>\n<p style=\"text-align: center;\"><span style=\"font-weight: 400;\"><\/span><\/p>\n<p>[\/et_pb_text][\/et_pb_column][\/et_pb_row][\/et_pb_section]<\/p>\n","protected":false},"excerpt":{"rendered":"<p>Join the Save Patagonia CampaignThere are many ways to support the Save Patagonia campaign! First of all, you can help a lot by following us on social media and sharing our content, so we can reach more people who feel inspired by this cause. &nbsp; If you are part of an NGO and would like [&hellip;]<\/p>\n","protected":false},"author":7,"featured_media":0,"parent":0,"menu_order":13,"comment_status":"closed","ping_status":"closed","template":"","meta":{"_et_pb_use_builder":"on","_et_pb_old_content":"","_et_gb_content_width":"","footnotes":""},"class_list":["post-1350","page","type-page","status-publish","hentry"],"yoast_head":"<!-- This site is optimized with the Yoast SEO plugin v27.4 - https:\/\/yoast.com\/product\/yoast-seo-wordpress\/ -->\n<title>Salvemos la Patagonia<\/title>\n<meta name=\"description\" content=\"Campa\u00f1a para sacar a la salmonicultura de las \u00e1reas protegidas de la Patagonia chilena, sin relocalizaci\u00f3n.\" \/>\n<meta name=\"robots\" content=\"noindex, follow\" \/>\n<meta property=\"og:locale\" content=\"en_US\" \/>\n<meta property=\"og:type\" content=\"article\" \/>\n<meta property=\"og:title\" content=\"Salvemos la Patagonia\" \/>\n<meta property=\"og:description\" content=\"Campa\u00f1a para sacar a la salmonicultura de las \u00e1reas protegidas de la Patagonia chilena, sin relocalizaci\u00f3n.\" \/>\n<meta property=\"og:url\" content=\"https:\/\/www.salvemoslapatagonia.cl\/eng\/sumate\/\" \/>\n<meta property=\"og:site_name\" content=\"Salvemos la Patagonia\" \/>\n<meta property=\"article:publisher\" content=\"https:\/\/www.facebook.com\/salvemoslapatagoniachile\" \/>\n<meta property=\"article:modified_time\" content=\"2025-07-29T15:22:39+00:00\" \/>\n<meta property=\"og:image\" content=\"https:\/\/www.salvemoslapatagonia.cl\/eng\/wp-content\/uploads\/2024\/06\/logoinstagram1.jpg\" \/>\n\t<meta property=\"og:image:width\" content=\"1459\" \/>\n\t<meta property=\"og:image:height\" content=\"1459\" \/>\n\t<meta property=\"og:image:type\" content=\"image\/jpeg\" \/>\n<meta name=\"twitter:card\" content=\"summary_large_image\" \/>\n<meta name=\"twitter:label1\" content=\"Est. reading time\" \/>\n\t<meta name=\"twitter:data1\" content=\"7 minutes\" \/>\n<script type=\"application\/ld+json\" class=\"yoast-schema-graph\">{\"@context\":\"https:\\\/\\\/schema.org\",\"@graph\":[{\"@type\":\"WebPage\",\"@id\":\"https:\\\/\\\/www.salvemoslapatagonia.cl\\\/eng\\\/sumate\\\/\",\"url\":\"https:\\\/\\\/www.salvemoslapatagonia.cl\\\/eng\\\/sumate\\\/\",\"name\":\"Salvemos la Patagonia\",\"isPartOf\":{\"@id\":\"https:\\\/\\\/www.salvemoslapatagonia.cl\\\/eng\\\/#website\"},\"datePublished\":\"2024-06-20T22:13:58+00:00\",\"dateModified\":\"2025-07-29T15:22:39+00:00\",\"description\":\"Campa\u00f1a para sacar a la salmonicultura de las \u00e1reas protegidas de la Patagonia chilena, sin relocalizaci\u00f3n.\",\"breadcrumb\":{\"@id\":\"https:\\\/\\\/www.salvemoslapatagonia.cl\\\/eng\\\/sumate\\\/#breadcrumb\"},\"inLanguage\":\"en-US\",\"potentialAction\":[{\"@type\":\"ReadAction\",\"target\":[\"https:\\\/\\\/www.salvemoslapatagonia.cl\\\/eng\\\/sumate\\\/\"]}]},{\"@type\":\"BreadcrumbList\",\"@id\":\"https:\\\/\\\/www.salvemoslapatagonia.cl\\\/eng\\\/sumate\\\/#breadcrumb\",\"itemListElement\":[{\"@type\":\"ListItem\",\"position\":1,\"name\":\"Portada\",\"item\":\"https:\\\/\\\/www.salvemoslapatagonia.cl\\\/eng\\\/\"},{\"@type\":\"ListItem\",\"position\":2,\"name\":\"Join us\"}]},{\"@type\":\"WebSite\",\"@id\":\"https:\\\/\\\/www.salvemoslapatagonia.cl\\\/eng\\\/#website\",\"url\":\"https:\\\/\\\/www.salvemoslapatagonia.cl\\\/eng\\\/\",\"name\":\"Salvemos la Patagonia\",\"description\":\"Por la defensa de sus \u00e1reas protegidas\",\"publisher\":{\"@id\":\"https:\\\/\\\/www.salvemoslapatagonia.cl\\\/eng\\\/#organization\"},\"potentialAction\":[{\"@type\":\"SearchAction\",\"target\":{\"@type\":\"EntryPoint\",\"urlTemplate\":\"https:\\\/\\\/www.salvemoslapatagonia.cl\\\/eng\\\/?s={search_term_string}\"},\"query-input\":{\"@type\":\"PropertyValueSpecification\",\"valueRequired\":true,\"valueName\":\"search_term_string\"}}],\"inLanguage\":\"en-US\"},{\"@type\":\"Organization\",\"@id\":\"https:\\\/\\\/www.salvemoslapatagonia.cl\\\/eng\\\/#organization\",\"name\":\"Salvemos La Patagonia\",\"url\":\"https:\\\/\\\/www.salvemoslapatagonia.cl\\\/eng\\\/\",\"logo\":{\"@type\":\"ImageObject\",\"inLanguage\":\"en-US\",\"@id\":\"https:\\\/\\\/www.salvemoslapatagonia.cl\\\/eng\\\/#\\\/schema\\\/logo\\\/image\\\/\",\"url\":\"https:\\\/\\\/www.salvemoslapatagonia.cl\\\/web\\\/wp-content\\\/uploads\\\/2024\\\/08\\\/logoinstagram0.jpg\",\"contentUrl\":\"https:\\\/\\\/www.salvemoslapatagonia.cl\\\/web\\\/wp-content\\\/uploads\\\/2024\\\/08\\\/logoinstagram0.jpg\",\"width\":1459,\"height\":1459,\"caption\":\"Salvemos La Patagonia\"},\"image\":{\"@id\":\"https:\\\/\\\/www.salvemoslapatagonia.cl\\\/eng\\\/#\\\/schema\\\/logo\\\/image\\\/\"},\"sameAs\":[\"https:\\\/\\\/www.facebook.com\\\/salvemoslapatagoniachile\",\"https:\\\/\\\/www.instagram.com\\\/salvemoslapatagonia\\\/\",\"https:\\\/\\\/www.tiktok.com\\\/@salvemoslapatagonia\"]}]}<\/script>\n<!-- \/ Yoast SEO plugin. -->","yoast_head_json":{"title":"Salvemos la Patagonia","description":"Campa\u00f1a para sacar a la salmonicultura de las \u00e1reas protegidas de la Patagonia chilena, sin relocalizaci\u00f3n.","robots":{"index":"noindex","follow":"follow"},"og_locale":"en_US","og_type":"article","og_title":"Salvemos la Patagonia","og_description":"Campa\u00f1a para sacar a la salmonicultura de las \u00e1reas protegidas de la Patagonia chilena, sin relocalizaci\u00f3n.","og_url":"https:\/\/www.salvemoslapatagonia.cl\/eng\/sumate\/","og_site_name":"Salvemos la Patagonia","article_publisher":"https:\/\/www.facebook.com\/salvemoslapatagoniachile","article_modified_time":"2025-07-29T15:22:39+00:00","og_image":[{"width":1459,"height":1459,"url":"https:\/\/www.salvemoslapatagonia.cl\/eng\/wp-content\/uploads\/2024\/06\/logoinstagram1.jpg","type":"image\/jpeg"}],"twitter_card":"summary_large_image","twitter_misc":{"Est. reading time":"7 minutes"},"schema":{"@context":"https:\/\/schema.org","@graph":[{"@type":"WebPage","@id":"https:\/\/www.salvemoslapatagonia.cl\/eng\/sumate\/","url":"https:\/\/www.salvemoslapatagonia.cl\/eng\/sumate\/","name":"Salvemos la Patagonia","isPartOf":{"@id":"https:\/\/www.salvemoslapatagonia.cl\/eng\/#website"},"datePublished":"2024-06-20T22:13:58+00:00","dateModified":"2025-07-29T15:22:39+00:00","description":"Campa\u00f1a para sacar a la salmonicultura de las \u00e1reas protegidas de la Patagonia chilena, sin relocalizaci\u00f3n.","breadcrumb":{"@id":"https:\/\/www.salvemoslapatagonia.cl\/eng\/sumate\/#breadcrumb"},"inLanguage":"en-US","potentialAction":[{"@type":"ReadAction","target":["https:\/\/www.salvemoslapatagonia.cl\/eng\/sumate\/"]}]},{"@type":"BreadcrumbList","@id":"https:\/\/www.salvemoslapatagonia.cl\/eng\/sumate\/#breadcrumb","itemListElement":[{"@type":"ListItem","position":1,"name":"Portada","item":"https:\/\/www.salvemoslapatagonia.cl\/eng\/"},{"@type":"ListItem","position":2,"name":"Join us"}]},{"@type":"WebSite","@id":"https:\/\/www.salvemoslapatagonia.cl\/eng\/#website","url":"https:\/\/www.salvemoslapatagonia.cl\/eng\/","name":"Salvemos la Patagonia","description":"Por la defensa de sus \u00e1reas protegidas","publisher":{"@id":"https:\/\/www.salvemoslapatagonia.cl\/eng\/#organization"},"potentialAction":[{"@type":"SearchAction","target":{"@type":"EntryPoint","urlTemplate":"https:\/\/www.salvemoslapatagonia.cl\/eng\/?s={search_term_string}"},"query-input":{"@type":"PropertyValueSpecification","valueRequired":true,"valueName":"search_term_string"}}],"inLanguage":"en-US"},{"@type":"Organization","@id":"https:\/\/www.salvemoslapatagonia.cl\/eng\/#organization","name":"Salvemos La Patagonia","url":"https:\/\/www.salvemoslapatagonia.cl\/eng\/","logo":{"@type":"ImageObject","inLanguage":"en-US","@id":"https:\/\/www.salvemoslapatagonia.cl\/eng\/#\/schema\/logo\/image\/","url":"https:\/\/www.salvemoslapatagonia.cl\/web\/wp-content\/uploads\/2024\/08\/logoinstagram0.jpg","contentUrl":"https:\/\/www.salvemoslapatagonia.cl\/web\/wp-content\/uploads\/2024\/08\/logoinstagram0.jpg","width":1459,"height":1459,"caption":"Salvemos La Patagonia"},"image":{"@id":"https:\/\/www.salvemoslapatagonia.cl\/eng\/#\/schema\/logo\/image\/"},"sameAs":["https:\/\/www.facebook.com\/salvemoslapatagoniachile","https:\/\/www.instagram.com\/salvemoslapatagonia\/","https:\/\/www.tiktok.com\/@salvemoslapatagonia"]}]}},"_links":{"self":[{"href":"https:\/\/www.salvemoslapatagonia.cl\/eng\/wp-json\/wp\/v2\/pages\/1350","targetHints":{"allow":["GET"]}}],"collection":[{"href":"https:\/\/www.salvemoslapatagonia.cl\/eng\/wp-json\/wp\/v2\/pages"}],"about":[{"href":"https:\/\/www.salvemoslapatagonia.cl\/eng\/wp-json\/wp\/v2\/types\/page"}],"author":[{"embeddable":true,"href":"https:\/\/www.salvemoslapatagonia.cl\/eng\/wp-json\/wp\/v2\/users\/7"}],"replies":[{"embeddable":true,"href":"https:\/\/www.salvemoslapatagonia.cl\/eng\/wp-json\/wp\/v2\/comments?post=1350"}],"version-history":[{"count":12,"href":"https:\/\/www.salvemoslapatagonia.cl\/eng\/wp-json\/wp\/v2\/pages\/1350\/revisions"}],"predecessor-version":[{"id":239732,"href":"https:\/\/www.salvemoslapatagonia.cl\/eng\/wp-json\/wp\/v2\/pages\/1350\/revisions\/239732"}],"wp:attachment":[{"href":"https:\/\/www.salvemoslapatagonia.cl\/eng\/wp-json\/wp\/v2\/media?parent=1350"}],"curies":[{"name":"wp","href":"https:\/\/api.w.org\/{rel}","templated":true}]}}