{"id":1752,"date":"2024-06-24T14:02:07","date_gmt":"2024-06-24T18:02:07","guid":{"rendered":"https:\/\/www.salvemoslapatagonia.cl\/eng\/?page_id=1752"},"modified":"2025-09-02T12:26:16","modified_gmt":"2025-09-02T16:26:16","slug":"noticias","status":"publish","type":"page","link":"https:\/\/www.salvemoslapatagonia.cl\/eng\/noticias\/","title":{"rendered":"News [Spanish]"},"content":{"rendered":"<p>[et_pb_section fb_built=&#8221;1&#8243; _builder_version=&#8221;4.25.2&#8243; _module_preset=&#8221;default&#8221; custom_padding=&#8221;76px||||false|false&#8221; global_colors_info=&#8221;{}&#8221;][et_pb_row column_structure=&#8221;1_4,1_4,1_4,1_4&#8243; use_custom_gutter=&#8221;on&#8221; gutter_width=&#8221;1&#8243; make_equal=&#8221;on&#8221; disabled_on=&#8221;off|on|off&#8221; module_class=&#8221;encuatro&#8221; _builder_version=&#8221;4.27.0&#8243; _module_preset=&#8221;default&#8221; width_tablet=&#8221;78%&#8221; width_phone=&#8221;100%&#8221; width_last_edited=&#8221;on|phone&#8221; max_width=&#8221;1275px&#8221; custom_margin=&#8221;32px||48px||false|false&#8221; custom_padding=&#8221;|0px|26px|0px|false|false&#8221; module_alignment_tablet=&#8221;center&#8221; module_alignment_phone=&#8221;center&#8221; module_alignment_last_edited=&#8221;on|tablet&#8221; global_colors_info=&#8221;{}&#8221;][et_pb_column type=&#8221;1_4&#8243; _builder_version=&#8221;4.25.2&#8243; _module_preset=&#8221;default&#8221; global_colors_info=&#8221;{}&#8221;][et_pb_button button_text=&#8221;Campa\u00f1a&#8221; button_alignment=&#8221;center&#8221; button_alignment_tablet=&#8221;center&#8221; button_alignment_phone=&#8221;center&#8221; button_alignment_last_edited=&#8221;on|phone&#8221; module_class=&#8221;df-button dfc-campana&#8221; _builder_version=&#8221;4.27.0&#8243; _module_preset=&#8221;default&#8221; custom_button=&#8221;on&#8221; button_text_size=&#8221;18px&#8221; button_text_color=&#8221;#003366&#8243; button_font=&#8221;Signika|600|||||||&#8221; button_use_icon=&#8221;off&#8221; button_text_size_tablet=&#8221;14px&#8221; button_text_size_phone=&#8221;13px&#8221; button_text_size_last_edited=&#8221;on|phone&#8221; global_colors_info=&#8221;{}&#8221;][\/et_pb_button][\/et_pb_column][et_pb_column type=&#8221;1_4&#8243; _builder_version=&#8221;4.25.2&#8243; _module_preset=&#8221;default&#8221; global_colors_info=&#8221;{}&#8221;][et_pb_button button_text=&#8221;Campa\u00f1a en la prensa&#8221; button_alignment=&#8221;left&#8221; button_alignment_tablet=&#8221;center&#8221; button_alignment_phone=&#8221;center&#8221; button_alignment_last_edited=&#8221;on|tablet&#8221; module_class=&#8221;df-button dfc-campana-en-la-prensa&#8221; _builder_version=&#8221;4.27.0&#8243; _module_preset=&#8221;default&#8221; custom_button=&#8221;on&#8221; button_text_size=&#8221;18px&#8221; button_text_color=&#8221;#003366&#8243; button_font=&#8221;Signika|600|||||||&#8221; button_use_icon=&#8221;off&#8221; custom_margin=&#8221;|0px|||false|false&#8221; button_text_size_tablet=&#8221;14px&#8221; button_text_size_phone=&#8221;13px&#8221; button_text_size_last_edited=&#8221;on|phone&#8221; global_colors_info=&#8221;{}&#8221;][\/et_pb_button][\/et_pb_column][et_pb_column type=&#8221;1_4&#8243; _builder_version=&#8221;4.25.2&#8243; _module_preset=&#8221;default&#8221; global_colors_info=&#8221;{}&#8221;][et_pb_button button_text=&#8221;Alianza&#8221; button_alignment=&#8221;center&#8221; button_alignment_tablet=&#8221;left&#8221; button_alignment_phone=&#8221;center&#8221; button_alignment_last_edited=&#8221;on|phone&#8221; module_class=&#8221;df-button dfc-alianza&#8221; _builder_version=&#8221;4.27.0&#8243; _module_preset=&#8221;default&#8221; custom_button=&#8221;on&#8221; button_text_size=&#8221;18px&#8221; button_text_color=&#8221;#003366&#8243; button_font=&#8221;Signika|600|||||||&#8221; button_use_icon=&#8221;off&#8221; button_text_size_tablet=&#8221;14px&#8221; button_text_size_phone=&#8221;13px&#8221; button_text_size_last_edited=&#8221;on|phone&#8221; global_colors_info=&#8221;{}&#8221;][\/et_pb_button][\/et_pb_column][et_pb_column type=&#8221;1_4&#8243; _builder_version=&#8221;4.25.2&#8243; _module_preset=&#8221;default&#8221; global_colors_info=&#8221;{}&#8221;][et_pb_button button_text=&#8221;Actualidad&#8221; button_alignment_tablet=&#8221;left&#8221; button_alignment_phone=&#8221;center&#8221; button_alignment_last_edited=&#8221;on|phone&#8221; module_class=&#8221;df-button dfc-actualidad&#8221; _builder_version=&#8221;4.27.0&#8243; _module_preset=&#8221;default&#8221; custom_button=&#8221;on&#8221; button_text_size=&#8221;18px&#8221; button_text_color=&#8221;#003366&#8243; button_font=&#8221;Signika|600|||||||&#8221; button_use_icon=&#8221;off&#8221; button_text_size_tablet=&#8221;14px&#8221; button_text_size_phone=&#8221;13px&#8221; button_text_size_last_edited=&#8221;on|phone&#8221; global_colors_info=&#8221;{}&#8221;][\/et_pb_button][\/et_pb_column][\/et_pb_row][et_pb_row column_structure=&#8221;1_4,1_4,1_4,1_4&#8243; use_custom_gutter=&#8221;on&#8221; disabled_on=&#8221;on|off|on&#8221; module_class=&#8221;encinco&#8221; _builder_version=&#8221;4.25.2&#8243; _module_preset=&#8221;default&#8221; width_tablet=&#8221;82.1%&#8221; width_phone=&#8221;94%&#8221; width_last_edited=&#8221;on|phone&#8221; max_width=&#8221;1275px&#8221; custom_margin=&#8221;|0px|||false|false&#8221; module_alignment_tablet=&#8221;center&#8221; module_alignment_phone=&#8221;center&#8221; module_alignment_last_edited=&#8221;on|tablet&#8221; global_colors_info=&#8221;{}&#8221;][et_pb_column type=&#8221;1_4&#8243; _builder_version=&#8221;4.25.2&#8243; _module_preset=&#8221;default&#8221; global_colors_info=&#8221;{}&#8221;][et_pb_button button_text=&#8221;TODAS&#8221; button_alignment=&#8221;right&#8221; button_alignment_tablet=&#8221;right&#8221; button_alignment_phone=&#8221;center&#8221; button_alignment_last_edited=&#8221;on|phone&#8221; module_class=&#8221;df-button&#8221; _builder_version=&#8221;4.25.2&#8243; _module_preset=&#8221;default&#8221; custom_button=&#8221;on&#8221; button_text_size=&#8221;18px&#8221; button_text_color=&#8221;#003366&#8243; button_font=&#8221;Signika|600|||||||&#8221; button_use_icon=&#8221;off&#8221; button_text_size_tablet=&#8221;18px&#8221; button_text_size_phone=&#8221;12px&#8221; button_text_size_last_edited=&#8221;on|phone&#8221; global_colors_info=&#8221;{}&#8221;][\/et_pb_button][\/et_pb_column][et_pb_column type=&#8221;1_4&#8243; _builder_version=&#8221;4.25.2&#8243; _module_preset=&#8221;default&#8221; global_colors_info=&#8221;{}&#8221;][et_pb_button button_text=&#8221;SALVEMOS LA PATAGONIA&#8221; button_alignment=&#8221;center&#8221; button_alignment_tablet=&#8221;left&#8221; button_alignment_phone=&#8221;center&#8221; button_alignment_last_edited=&#8221;on|phone&#8221; module_class=&#8221;df-button dfc-salvemos-la-patagonia&#8221; _builder_version=&#8221;4.27.0&#8243; _module_preset=&#8221;default&#8221; custom_button=&#8221;on&#8221; button_text_size=&#8221;18px&#8221; button_text_color=&#8221;#003366&#8243; button_font=&#8221;Signika|600|||||||&#8221; button_use_icon=&#8221;off&#8221; button_text_size_tablet=&#8221;18px&#8221; button_text_size_phone=&#8221;13px&#8221; button_text_size_last_edited=&#8221;on|phone&#8221; global_colors_info=&#8221;{}&#8221;][\/et_pb_button][\/et_pb_column][et_pb_column type=&#8221;1_4&#8243; _builder_version=&#8221;4.25.2&#8243; _module_preset=&#8221;default&#8221; global_colors_info=&#8221;{}&#8221;][et_pb_button button_text=&#8221;ACTUALIDAD&#8221; button_alignment=&#8221;center&#8221; button_alignment_tablet=&#8221;right&#8221; button_alignment_phone=&#8221;right&#8221; button_alignment_last_edited=&#8221;on|tablet&#8221; module_class=&#8221;df-button dfc-actualidad&#8221; _builder_version=&#8221;4.25.2&#8243; _module_preset=&#8221;default&#8221; custom_button=&#8221;on&#8221; button_text_size=&#8221;18px&#8221; button_text_color=&#8221;#003366&#8243; button_font=&#8221;Signika|600|||||||&#8221; button_use_icon=&#8221;off&#8221; custom_margin=&#8221;|||17px|false|false&#8221; button_text_size_tablet=&#8221;18px&#8221; button_text_size_phone=&#8221;13px&#8221; button_text_size_last_edited=&#8221;on|phone&#8221; global_colors_info=&#8221;{}&#8221;][\/et_pb_button][\/et_pb_column][et_pb_column type=&#8221;1_4&#8243; _builder_version=&#8221;4.25.2&#8243; _module_preset=&#8221;default&#8221; global_colors_info=&#8221;{}&#8221;][et_pb_button button_text=&#8221;OPINI\u00d3N&#8221; button_alignment_tablet=&#8221;right&#8221; button_alignment_phone=&#8221;center&#8221; button_alignment_last_edited=&#8221;on|phone&#8221; module_class=&#8221;df-button dfc-opinion&#8221; _builder_version=&#8221;4.25.2&#8243; _module_preset=&#8221;default&#8221; custom_button=&#8221;on&#8221; button_text_size=&#8221;18px&#8221; button_text_color=&#8221;#003366&#8243; button_font=&#8221;Signika|600|||||||&#8221; button_use_icon=&#8221;off&#8221; button_text_size_tablet=&#8221;18px&#8221; button_text_size_phone=&#8221;13px&#8221; button_text_size_last_edited=&#8221;on|phone&#8221; global_colors_info=&#8221;{}&#8221;][\/et_pb_button][\/et_pb_column][\/et_pb_row][\/et_pb_section][et_pb_section fb_built=&#8221;1&#8243; admin_label=&#8221;Blog&#8221; module_class=&#8221;df-area df-post&#8221; _builder_version=&#8221;4.25.2&#8243; background_color=&#8221;#FFFFFF&#8221; min_height=&#8221;709.8px&#8221; custom_padding=&#8221;0px|0px|100px|0px|false|false&#8221; global_colors_info=&#8221;{}&#8221;][et_pb_row _builder_version=&#8221;4.27.0&#8243; max_width=&#8221;1440px&#8221; custom_margin=&#8221;-52px|auto||auto|false|false&#8221; custom_padding=&#8221;191px|||||&#8221; use_custom_width=&#8221;on&#8221; custom_width_px=&#8221;1440px&#8221; global_colors_info=&#8221;{}&#8221;][et_pb_column type=&#8221;4_4&#8243; _builder_version=&#8221;4.27.0&#8243; custom_padding=&#8221;|||&#8221; global_colors_info=&#8221;{}&#8221; custom_padding__hover=&#8221;|||&#8221;][et_pb_blog fullwidth=&#8221;off&#8221; posts_number=&#8221;200&#8243; excerpt_length=&#8221;150&#8243; show_more=&#8221;on&#8221; show_author=&#8221;off&#8221; show_date=&#8221;off&#8221; show_categories=&#8221;off&#8221; _builder_version=&#8221;4.27.0&#8243; header_font=&#8221;Signika|600|||||||&#8221; header_text_align=&#8221;left&#8221; header_text_color=&#8221;#003366&#8243; header_font_size=&#8221;20px&#8221; header_line_height=&#8221;1.2em&#8221; body_font=&#8221;Signika|300|||||||&#8221; body_text_align=&#8221;left&#8221; body_font_size=&#8221;16px&#8221; meta_font=&#8221;Signika|700||on|||||&#8221; meta_text_align=&#8221;left&#8221; meta_text_color=&#8221;#000000&#8243; meta_font_size=&#8221;12px&#8221; meta_letter_spacing=&#8221;1px&#8221; meta_line_height=&#8221;2em&#8221; read_more_font=&#8221;Signika|600|||on||||&#8221; read_more_text_color=&#8221;#000000&#8243; read_more_font_size=&#8221;17px&#8221; pagination_font=&#8221;Poppins|600||on|||||&#8221; pagination_text_color=&#8221;#edbb5f&#8221; pagination_font_size=&#8221;16px&#8221; pagination_letter_spacing=&#8221;1px&#8221; pagination_line_height=&#8221;2em&#8221; text_orientation=&#8221;center&#8221; width=&#8221;100%&#8221; custom_margin=&#8221;-200px|||&#8221; custom_padding=&#8221;|||&#8221; custom_padding_phone=&#8221;|40px||40px&#8221; custom_padding_last_edited=&#8221;off|desktop&#8221; animation_style=&#8221;slide&#8221; animation_direction=&#8221;bottom&#8221; animation_intensity_slide=&#8221;3%&#8221; animation_starting_opacity=&#8221;100%&#8221; border_width_all=&#8221;0px&#8221; box_shadow_style=&#8221;preset3&#8243; box_shadow_color=&#8221;rgba(0,0,0,0.2)&#8221; global_colors_info=&#8221;{}&#8221;][\/et_pb_blog][\/et_pb_column][\/et_pb_row][\/et_pb_section]<\/p>\n","protected":false},"excerpt":{"rendered":"","protected":false},"author":7,"featured_media":0,"parent":0,"menu_order":10,"comment_status":"closed","ping_status":"closed","template":"","meta":{"_et_pb_use_builder":"on","_et_pb_old_content":"","_et_gb_content_width":"","footnotes":""},"class_list":["post-1752","page","type-page","status-publish","hentry"],"yoast_head":"<!-- This site is optimized with the Yoast SEO plugin v27.4 - https:\/\/yoast.com\/product\/yoast-seo-wordpress\/ -->\n<title>Salvemos la Patagonia<\/title>\n<meta name=\"description\" content=\"Campa\u00f1a para sacar a la salmonicultura de las \u00e1reas protegidas de la Patagonia chilena, sin relocalizaci\u00f3n.\" \/>\n<meta name=\"robots\" content=\"noindex, follow\" \/>\n<meta property=\"og:locale\" content=\"en_US\" \/>\n<meta property=\"og:type\" content=\"article\" \/>\n<meta property=\"og:title\" content=\"Salvemos la Patagonia\" \/>\n<meta property=\"og:description\" content=\"Campa\u00f1a para sacar a la salmonicultura de las \u00e1reas protegidas de la Patagonia chilena, sin relocalizaci\u00f3n.\" \/>\n<meta property=\"og:url\" content=\"https:\/\/www.salvemoslapatagonia.cl\/eng\/noticias\/\" \/>\n<meta property=\"og:site_name\" content=\"Salvemos la Patagonia\" \/>\n<meta property=\"article:publisher\" content=\"https:\/\/www.facebook.com\/salvemoslapatagoniachile\" \/>\n<meta property=\"article:modified_time\" content=\"2025-09-02T16:26:16+00:00\" \/>\n<meta property=\"og:image\" content=\"https:\/\/www.salvemoslapatagonia.cl\/eng\/wp-content\/uploads\/2024\/06\/logoinstagram1.jpg\" \/>\n\t<meta property=\"og:image:width\" content=\"1459\" \/>\n\t<meta property=\"og:image:height\" content=\"1459\" \/>\n\t<meta property=\"og:image:type\" content=\"image\/jpeg\" \/>\n<meta name=\"twitter:card\" content=\"summary_large_image\" \/>\n<meta name=\"twitter:label1\" content=\"Est. reading time\" \/>\n\t<meta name=\"twitter:data1\" content=\"37 minutes\" \/>\n<script type=\"application\/ld+json\" class=\"yoast-schema-graph\">{\"@context\":\"https:\\\/\\\/schema.org\",\"@graph\":[{\"@type\":\"WebPage\",\"@id\":\"https:\\\/\\\/www.salvemoslapatagonia.cl\\\/eng\\\/noticias\\\/\",\"url\":\"https:\\\/\\\/www.salvemoslapatagonia.cl\\\/eng\\\/noticias\\\/\",\"name\":\"Salvemos la Patagonia\",\"isPartOf\":{\"@id\":\"https:\\\/\\\/www.salvemoslapatagonia.cl\\\/eng\\\/#website\"},\"datePublished\":\"2024-06-24T18:02:07+00:00\",\"dateModified\":\"2025-09-02T16:26:16+00:00\",\"description\":\"Campa\u00f1a para sacar a la salmonicultura de las \u00e1reas protegidas de la Patagonia chilena, sin relocalizaci\u00f3n.\",\"breadcrumb\":{\"@id\":\"https:\\\/\\\/www.salvemoslapatagonia.cl\\\/eng\\\/noticias\\\/#breadcrumb\"},\"inLanguage\":\"en-US\",\"potentialAction\":[{\"@type\":\"ReadAction\",\"target\":[\"https:\\\/\\\/www.salvemoslapatagonia.cl\\\/eng\\\/noticias\\\/\"]}]},{\"@type\":\"BreadcrumbList\",\"@id\":\"https:\\\/\\\/www.salvemoslapatagonia.cl\\\/eng\\\/noticias\\\/#breadcrumb\",\"itemListElement\":[{\"@type\":\"ListItem\",\"position\":1,\"name\":\"Portada\",\"item\":\"https:\\\/\\\/www.salvemoslapatagonia.cl\\\/eng\\\/\"},{\"@type\":\"ListItem\",\"position\":2,\"name\":\"News [Spanish]\"}]},{\"@type\":\"WebSite\",\"@id\":\"https:\\\/\\\/www.salvemoslapatagonia.cl\\\/eng\\\/#website\",\"url\":\"https:\\\/\\\/www.salvemoslapatagonia.cl\\\/eng\\\/\",\"name\":\"Salvemos la Patagonia\",\"description\":\"Por la defensa de sus \u00e1reas protegidas\",\"publisher\":{\"@id\":\"https:\\\/\\\/www.salvemoslapatagonia.cl\\\/eng\\\/#organization\"},\"potentialAction\":[{\"@type\":\"SearchAction\",\"target\":{\"@type\":\"EntryPoint\",\"urlTemplate\":\"https:\\\/\\\/www.salvemoslapatagonia.cl\\\/eng\\\/?s={search_term_string}\"},\"query-input\":{\"@type\":\"PropertyValueSpecification\",\"valueRequired\":true,\"valueName\":\"search_term_string\"}}],\"inLanguage\":\"en-US\"},{\"@type\":\"Organization\",\"@id\":\"https:\\\/\\\/www.salvemoslapatagonia.cl\\\/eng\\\/#organization\",\"name\":\"Salvemos La Patagonia\",\"url\":\"https:\\\/\\\/www.salvemoslapatagonia.cl\\\/eng\\\/\",\"logo\":{\"@type\":\"ImageObject\",\"inLanguage\":\"en-US\",\"@id\":\"https:\\\/\\\/www.salvemoslapatagonia.cl\\\/eng\\\/#\\\/schema\\\/logo\\\/image\\\/\",\"url\":\"https:\\\/\\\/www.salvemoslapatagonia.cl\\\/web\\\/wp-content\\\/uploads\\\/2024\\\/08\\\/logoinstagram0.jpg\",\"contentUrl\":\"https:\\\/\\\/www.salvemoslapatagonia.cl\\\/web\\\/wp-content\\\/uploads\\\/2024\\\/08\\\/logoinstagram0.jpg\",\"width\":1459,\"height\":1459,\"caption\":\"Salvemos La Patagonia\"},\"image\":{\"@id\":\"https:\\\/\\\/www.salvemoslapatagonia.cl\\\/eng\\\/#\\\/schema\\\/logo\\\/image\\\/\"},\"sameAs\":[\"https:\\\/\\\/www.facebook.com\\\/salvemoslapatagoniachile\",\"https:\\\/\\\/www.instagram.com\\\/salvemoslapatagonia\\\/\",\"https:\\\/\\\/www.tiktok.com\\\/@salvemoslapatagonia\"]}]}<\/script>\n<!-- \/ Yoast SEO plugin. -->","yoast_head_json":{"title":"Salvemos la Patagonia","description":"Campa\u00f1a para sacar a la salmonicultura de las \u00e1reas protegidas de la Patagonia chilena, sin relocalizaci\u00f3n.","robots":{"index":"noindex","follow":"follow"},"og_locale":"en_US","og_type":"article","og_title":"Salvemos la Patagonia","og_description":"Campa\u00f1a para sacar a la salmonicultura de las \u00e1reas protegidas de la Patagonia chilena, sin relocalizaci\u00f3n.","og_url":"https:\/\/www.salvemoslapatagonia.cl\/eng\/noticias\/","og_site_name":"Salvemos la Patagonia","article_publisher":"https:\/\/www.facebook.com\/salvemoslapatagoniachile","article_modified_time":"2025-09-02T16:26:16+00:00","og_image":[{"width":1459,"height":1459,"url":"https:\/\/www.salvemoslapatagonia.cl\/eng\/wp-content\/uploads\/2024\/06\/logoinstagram1.jpg","type":"image\/jpeg"}],"twitter_card":"summary_large_image","twitter_misc":{"Est. reading time":"37 minutes"},"schema":{"@context":"https:\/\/schema.org","@graph":[{"@type":"WebPage","@id":"https:\/\/www.salvemoslapatagonia.cl\/eng\/noticias\/","url":"https:\/\/www.salvemoslapatagonia.cl\/eng\/noticias\/","name":"Salvemos la Patagonia","isPartOf":{"@id":"https:\/\/www.salvemoslapatagonia.cl\/eng\/#website"},"datePublished":"2024-06-24T18:02:07+00:00","dateModified":"2025-09-02T16:26:16+00:00","description":"Campa\u00f1a para sacar a la salmonicultura de las \u00e1reas protegidas de la Patagonia chilena, sin relocalizaci\u00f3n.","breadcrumb":{"@id":"https:\/\/www.salvemoslapatagonia.cl\/eng\/noticias\/#breadcrumb"},"inLanguage":"en-US","potentialAction":[{"@type":"ReadAction","target":["https:\/\/www.salvemoslapatagonia.cl\/eng\/noticias\/"]}]},{"@type":"BreadcrumbList","@id":"https:\/\/www.salvemoslapatagonia.cl\/eng\/noticias\/#breadcrumb","itemListElement":[{"@type":"ListItem","position":1,"name":"Portada","item":"https:\/\/www.salvemoslapatagonia.cl\/eng\/"},{"@type":"ListItem","position":2,"name":"News [Spanish]"}]},{"@type":"WebSite","@id":"https:\/\/www.salvemoslapatagonia.cl\/eng\/#website","url":"https:\/\/www.salvemoslapatagonia.cl\/eng\/","name":"Salvemos la Patagonia","description":"Por la defensa de sus \u00e1reas protegidas","publisher":{"@id":"https:\/\/www.salvemoslapatagonia.cl\/eng\/#organization"},"potentialAction":[{"@type":"SearchAction","target":{"@type":"EntryPoint","urlTemplate":"https:\/\/www.salvemoslapatagonia.cl\/eng\/?s={search_term_string}"},"query-input":{"@type":"PropertyValueSpecification","valueRequired":true,"valueName":"search_term_string"}}],"inLanguage":"en-US"},{"@type":"Organization","@id":"https:\/\/www.salvemoslapatagonia.cl\/eng\/#organization","name":"Salvemos La Patagonia","url":"https:\/\/www.salvemoslapatagonia.cl\/eng\/","logo":{"@type":"ImageObject","inLanguage":"en-US","@id":"https:\/\/www.salvemoslapatagonia.cl\/eng\/#\/schema\/logo\/image\/","url":"https:\/\/www.salvemoslapatagonia.cl\/web\/wp-content\/uploads\/2024\/08\/logoinstagram0.jpg","contentUrl":"https:\/\/www.salvemoslapatagonia.cl\/web\/wp-content\/uploads\/2024\/08\/logoinstagram0.jpg","width":1459,"height":1459,"caption":"Salvemos La Patagonia"},"image":{"@id":"https:\/\/www.salvemoslapatagonia.cl\/eng\/#\/schema\/logo\/image\/"},"sameAs":["https:\/\/www.facebook.com\/salvemoslapatagoniachile","https:\/\/www.instagram.com\/salvemoslapatagonia\/","https:\/\/www.tiktok.com\/@salvemoslapatagonia"]}]}},"_links":{"self":[{"href":"https:\/\/www.salvemoslapatagonia.cl\/eng\/wp-json\/wp\/v2\/pages\/1752","targetHints":{"allow":["GET"]}}],"collection":[{"href":"https:\/\/www.salvemoslapatagonia.cl\/eng\/wp-json\/wp\/v2\/pages"}],"about":[{"href":"https:\/\/www.salvemoslapatagonia.cl\/eng\/wp-json\/wp\/v2\/types\/page"}],"author":[{"embeddable":true,"href":"https:\/\/www.salvemoslapatagonia.cl\/eng\/wp-json\/wp\/v2\/users\/7"}],"replies":[{"embeddable":true,"href":"https:\/\/www.salvemoslapatagonia.cl\/eng\/wp-json\/wp\/v2\/comments?post=1752"}],"version-history":[{"count":70,"href":"https:\/\/www.salvemoslapatagonia.cl\/eng\/wp-json\/wp\/v2\/pages\/1752\/revisions"}],"predecessor-version":[{"id":239824,"href":"https:\/\/www.salvemoslapatagonia.cl\/eng\/wp-json\/wp\/v2\/pages\/1752\/revisions\/239824"}],"wp:attachment":[{"href":"https:\/\/www.salvemoslapatagonia.cl\/eng\/wp-json\/wp\/v2\/media?parent=1752"}],"curies":[{"name":"wp","href":"https:\/\/api.w.org\/{rel}","templated":true}]}}