{"id":239336,"date":"2024-12-13T11:24:19","date_gmt":"2024-12-13T14:24:19","guid":{"rendered":"https:\/\/www.salvemoslapatagonia.cl\/?page_id=239336"},"modified":"2025-09-02T12:26:57","modified_gmt":"2025-09-02T16:26:57","slug":"boletin","status":"publish","type":"page","link":"https:\/\/www.salvemoslapatagonia.cl\/eng\/boletin\/","title":{"rendered":"Newsletter [Spanish]"},"content":{"rendered":"<p>[et_pb_section fb_built=&#8221;1&#8243; admin_label=&#8221;Gallery&#8221; _builder_version=&#8221;4.16&#8243; custom_padding=&#8221;100px||100px|&#8221; global_colors_info=&#8221;{}&#8221;][et_pb_row column_structure=&#8221;1_2,1_2&#8243; _builder_version=&#8221;4.27.0&#8243; custom_padding=&#8221;0px|||||&#8221; animation_style=&#8221;zoom&#8221; animation_intensity_zoom=&#8221;10%&#8221; global_colors_info=&#8221;{}&#8221;][et_pb_column type=&#8221;1_2&#8243; _builder_version=&#8221;4.27.0&#8243; custom_padding=&#8221;|||&#8221; global_colors_info=&#8221;{}&#8221; custom_padding__hover=&#8221;|||&#8221;][\/et_pb_column][et_pb_column type=&#8221;1_2&#8243; _builder_version=&#8221;4.16&#8243; custom_padding=&#8221;|||&#8221; global_colors_info=&#8221;{}&#8221; custom_padding__hover=&#8221;|||&#8221;][et_pb_image src=&#8221;https:\/\/www.salvemoslapatagonia.cl\/eng\/wp-content\/uploads\/2025\/09\/Frame-42-2.png&#8221; title_text=&#8221;Frame 42 (2)&#8221; admin_label=&#8221;Imagen&#8221; _builder_version=&#8221;4.27.4&#8243; _module_preset=&#8221;default&#8221; global_colors_info=&#8221;{}&#8221;][\/et_pb_image][et_pb_text _builder_version=&#8221;4.27.4&#8243; text_font=&#8221;||||||||&#8221; text_text_color=&#8221;#7e7f93&#8243; text_font_size=&#8221;18px&#8221; header_font=&#8221;Signika|600|||||||&#8221; header_text_color=&#8221;#003366&#8243; header_font_size=&#8221;23px&#8221; header_3_font=&#8221;Merriweather|700|||||||&#8221; header_3_text_color=&#8221;#4646c4&#8243; header_3_font_size=&#8221;24px&#8221; header_3_line_height=&#8221;1.4em&#8221; custom_margin=&#8221;||1px||false|false&#8221; locked=&#8221;off&#8221; global_colors_info=&#8221;{}&#8221;]<\/p>\n<h1 class=\"style-scope ytd-watch-metadata\"><span style=\"font-size: 23px;\">Bolet\u00edn Agosto 2025<\/span><\/h1>\n<p>[\/et_pb_text][et_pb_text _builder_version=&#8221;4.27.4&#8243; _module_preset=&#8221;default&#8221; text_font=&#8221;Signika|600||on|||||&#8221; text_text_color=&#8221;#000000&#8243; text_font_size=&#8221;17px&#8221; global_colors_info=&#8221;{}&#8221;]<\/p>\n<p>SALVEMOS LA PATAGONIA<\/p>\n<p>[\/et_pb_text][et_pb_text _builder_version=&#8221;4.27.0&#8243; text_font=&#8221;||||||||&#8221; text_text_color=&#8221;#7e7f93&#8243; text_font_size=&#8221;18px&#8221; header_font=&#8221;Signika|600|||||||&#8221; header_text_color=&#8221;#003366&#8243; header_font_size=&#8221;23px&#8221; header_3_font=&#8221;Merriweather|700|||||||&#8221; header_3_text_color=&#8221;#4646c4&#8243; header_3_font_size=&#8221;24px&#8221; header_3_line_height=&#8221;1.4em&#8221; custom_margin=&#8221;||-1px|||&#8221; locked=&#8221;off&#8221; global_colors_info=&#8221;{}&#8221;][\/et_pb_text][et_pb_text _builder_version=&#8221;4.27.4&#8243; _module_preset=&#8221;default&#8221; text_font=&#8221;Signika|300|||||||&#8221; text_font_size=&#8221;18px&#8221; header_font=&#8221;Signika|600|||||||&#8221; custom_margin=&#8221;-26px||||false|false&#8221; global_colors_info=&#8221;{}&#8221;]<\/p>\n<p>29\/08\/2025<\/p>\n<p>[\/et_pb_text][et_pb_button button_url=&#8221;https:\/\/fma9d.r.sp1-brevo.net\/mk\/mr\/sh\/SMJz09SDriOHTBx99izzlva3BMaG\/3JmTuggszJ11&#8243; url_new_window=&#8221;on&#8221; button_text=&#8221;Ver bolet\u00edn&#8221; _builder_version=&#8221;4.27.4&#8243; _module_preset=&#8221;default&#8221; custom_button=&#8221;on&#8221; button_text_size=&#8221;16px&#8221; button_text_color=&#8221;#FFFFFF&#8221; button_bg_color=&#8221;#003366&#8243; button_border_width=&#8221;4px&#8221; button_font=&#8221;Signika||||||||&#8221; button_use_icon=&#8221;off&#8221; custom_margin=&#8221;-20px||||false|false&#8221; global_colors_info=&#8221;{}&#8221;][\/et_pb_button][\/et_pb_column][\/et_pb_row][et_pb_row column_structure=&#8221;1_2,1_2&#8243; _builder_version=&#8221;4.27.0&#8243; custom_padding=&#8221;0px|||||&#8221; animation_style=&#8221;zoom&#8221; animation_intensity_zoom=&#8221;10%&#8221; global_colors_info=&#8221;{}&#8221;][et_pb_column type=&#8221;1_2&#8243; _builder_version=&#8221;4.27.0&#8243; custom_padding=&#8221;|||&#8221; global_colors_info=&#8221;{}&#8221; custom_padding__hover=&#8221;|||&#8221;][et_pb_image src=&#8221;https:\/\/www.salvemoslapatagonia.cl\/eng\/wp-content\/uploads\/2025\/02\/Boletin-04-7-680&#215;784.png&#8221; title_text=&#8221;Boleti\u0301n-04 (7)&#8221; _builder_version=&#8221;4.27.4&#8243; _module_preset=&#8221;default&#8221; global_colors_info=&#8221;{}&#8221;][\/et_pb_image][et_pb_text _builder_version=&#8221;4.27.0&#8243; text_font=&#8221;||||||||&#8221; text_text_color=&#8221;#7e7f93&#8243; text_font_size=&#8221;18px&#8221; header_font=&#8221;Signika|600|||||||&#8221; header_text_color=&#8221;#003366&#8243; header_font_size=&#8221;23px&#8221; header_3_font=&#8221;Merriweather|700|||||||&#8221; header_3_text_color=&#8221;#4646c4&#8243; header_3_font_size=&#8221;24px&#8221; header_3_line_height=&#8221;1.4em&#8221; custom_margin=&#8221;||-1px|||&#8221; locked=&#8221;off&#8221; global_colors_info=&#8221;{}&#8221;]<\/p>\n<h1 class=\"style-scope ytd-watch-metadata\"><span style=\"font-size: 23px;\">Bolet\u00edn febrero 2025<\/span><\/h1>\n<p>[\/et_pb_text][et_pb_text _builder_version=&#8221;4.27.0&#8243; _module_preset=&#8221;default&#8221; text_font=&#8221;Signika|600||on|||||&#8221; text_text_color=&#8221;#000000&#8243; text_font_size=&#8221;17px&#8221; global_colors_info=&#8221;{}&#8221;]<\/p>\n<p>SALVEMOS LA PATAGonia<\/p>\n<p>[\/et_pb_text][et_pb_text _builder_version=&#8221;4.27.0&#8243; _module_preset=&#8221;default&#8221; text_font=&#8221;Signika|300|||||||&#8221; text_font_size=&#8221;18px&#8221; header_font=&#8221;Signika|600|||||||&#8221; custom_margin=&#8221;-26px|||||&#8221; global_colors_info=&#8221;{}&#8221;]<\/p>\n<p>28\/02\/2025<\/p>\n<p>[\/et_pb_text][et_pb_button button_url=&#8221;https:\/\/us22.campaign-archive.com\/?u=5cd9101563708cb07c6abd1f7&#038;id=509692b28f&#8221; url_new_window=&#8221;on&#8221; button_text=&#8221;Ver bolet\u00edn&#8221; _builder_version=&#8221;4.27.0&#8243; _module_preset=&#8221;default&#8221; custom_button=&#8221;on&#8221; button_text_size=&#8221;16px&#8221; button_text_color=&#8221;#FFFFFF&#8221; button_bg_color=&#8221;#003366&#8243; button_border_width=&#8221;4px&#8221; button_font=&#8221;Signika||||||||&#8221; button_use_icon=&#8221;off&#8221; custom_margin=&#8221;-20px||||false|false&#8221; global_colors_info=&#8221;{}&#8221;][\/et_pb_button][\/et_pb_column][et_pb_column type=&#8221;1_2&#8243; _builder_version=&#8221;4.16&#8243; custom_padding=&#8221;|||&#8221; global_colors_info=&#8221;{}&#8221; custom_padding__hover=&#8221;|||&#8221;][et_pb_image src=&#8221;https:\/\/www.salvemoslapatagonia.cl\/eng\/wp-content\/uploads\/2025\/02\/Boletin-03-680&#215;784.png&#8221; title_text=&#8221;Boleti\u0301n-03&#8243; _builder_version=&#8221;4.27.0&#8243; _module_preset=&#8221;default&#8221; global_colors_info=&#8221;{}&#8221;][\/et_pb_image][et_pb_text _builder_version=&#8221;4.27.0&#8243; text_font=&#8221;||||||||&#8221; text_text_color=&#8221;#7e7f93&#8243; text_font_size=&#8221;18px&#8221; header_font=&#8221;Signika|600|||||||&#8221; header_text_color=&#8221;#003366&#8243; header_font_size=&#8221;23px&#8221; header_3_font=&#8221;Merriweather|700|||||||&#8221; header_3_text_color=&#8221;#4646c4&#8243; header_3_font_size=&#8221;24px&#8221; header_3_line_height=&#8221;1.4em&#8221; custom_margin=&#8221;||1px||false|false&#8221; locked=&#8221;off&#8221; global_colors_info=&#8221;{}&#8221;]<\/p>\n<h1 class=\"style-scope ytd-watch-metadata\"><span style=\"font-size: 23px;\">Bolet\u00edn enero 2025<\/span><\/h1>\n<p>[\/et_pb_text][et_pb_text _builder_version=&#8221;4.27.0&#8243; _module_preset=&#8221;default&#8221; text_font=&#8221;Signika|600||on|||||&#8221; text_text_color=&#8221;#000000&#8243; text_font_size=&#8221;17px&#8221; global_colors_info=&#8221;{}&#8221;]<\/p>\n<p>SALVEMOS LA PATAGonia<\/p>\n<p>[\/et_pb_text][et_pb_text _builder_version=&#8221;4.27.0&#8243; text_font=&#8221;||||||||&#8221; text_text_color=&#8221;#7e7f93&#8243; text_font_size=&#8221;18px&#8221; header_font=&#8221;Signika|600|||||||&#8221; header_text_color=&#8221;#003366&#8243; header_font_size=&#8221;23px&#8221; header_3_font=&#8221;Merriweather|700|||||||&#8221; header_3_text_color=&#8221;#4646c4&#8243; header_3_font_size=&#8221;24px&#8221; header_3_line_height=&#8221;1.4em&#8221; custom_margin=&#8221;||-1px|||&#8221; locked=&#8221;off&#8221; global_colors_info=&#8221;{}&#8221;][\/et_pb_text][et_pb_text _builder_version=&#8221;4.27.0&#8243; _module_preset=&#8221;default&#8221; text_font=&#8221;Signika|300|||||||&#8221; text_font_size=&#8221;18px&#8221; header_font=&#8221;Signika|600|||||||&#8221; custom_margin=&#8221;-26px||||false|false&#8221; global_colors_info=&#8221;{}&#8221;]<\/p>\n<p>29\/01\/2025<\/p>\n<p>[\/et_pb_text][et_pb_button button_url=&#8221;https:\/\/mailchi.mp\/a9b5b603ce45\/sin-ttulo-39043&#8243; url_new_window=&#8221;on&#8221; button_text=&#8221;Ver bolet\u00edn&#8221; _builder_version=&#8221;4.27.0&#8243; _module_preset=&#8221;default&#8221; custom_button=&#8221;on&#8221; button_text_size=&#8221;16px&#8221; button_text_color=&#8221;#FFFFFF&#8221; button_bg_color=&#8221;#003366&#8243; button_border_width=&#8221;4px&#8221; button_font=&#8221;Signika||||||||&#8221; button_use_icon=&#8221;off&#8221; custom_margin=&#8221;-20px||||false|false&#8221; global_colors_info=&#8221;{}&#8221;][\/et_pb_button][\/et_pb_column][\/et_pb_row][et_pb_row column_structure=&#8221;1_2,1_2&#8243; _builder_version=&#8221;4.27.0&#8243; custom_padding=&#8221;0px|||||&#8221; animation_style=&#8221;zoom&#8221; animation_intensity_zoom=&#8221;10%&#8221; global_colors_info=&#8221;{}&#8221;][et_pb_column type=&#8221;1_2&#8243; _builder_version=&#8221;4.27.0&#8243; custom_padding=&#8221;|||&#8221; global_colors_info=&#8221;{}&#8221; custom_padding__hover=&#8221;|||&#8221;][et_pb_image src=&#8221;https:\/\/www.salvemoslapatagonia.cl\/eng\/wp-content\/uploads\/2025\/02\/Boletin-02-2-680&#215;784.png&#8221; title_text=&#8221;Boleti\u0301n-02 (2)&#8221; _builder_version=&#8221;4.27.0&#8243; _module_preset=&#8221;default&#8221; locked=&#8221;off&#8221; global_colors_info=&#8221;{}&#8221;][\/et_pb_image][et_pb_text _builder_version=&#8221;4.27.0&#8243; text_font=&#8221;||||||||&#8221; text_text_color=&#8221;#7e7f93&#8243; text_font_size=&#8221;18px&#8221; header_font=&#8221;Signika|600|||||||&#8221; header_text_color=&#8221;#003366&#8243; header_font_size=&#8221;23px&#8221; header_3_font=&#8221;Merriweather|700|||||||&#8221; header_3_text_color=&#8221;#4646c4&#8243; header_3_font_size=&#8221;24px&#8221; header_3_line_height=&#8221;1.4em&#8221; custom_margin=&#8221;||-1px|||&#8221; locked=&#8221;off&#8221; global_colors_info=&#8221;{}&#8221;]<\/p>\n<h1 class=\"style-scope ytd-watch-metadata\"><span style=\"font-size: 23px;\">Bolet\u00edn diciembre 2024<\/span><\/h1>\n<p>[\/et_pb_text][et_pb_text _builder_version=&#8221;4.27.0&#8243; _module_preset=&#8221;default&#8221; text_font=&#8221;Signika|600||on|||||&#8221; text_text_color=&#8221;#000000&#8243; text_font_size=&#8221;17px&#8221; global_colors_info=&#8221;{}&#8221;]<\/p>\n<p>SALVEMOS LA PATAGonia<\/p>\n<p>[\/et_pb_text][et_pb_text _builder_version=&#8221;4.27.0&#8243; _module_preset=&#8221;default&#8221; text_font=&#8221;Signika|300|||||||&#8221; text_font_size=&#8221;18px&#8221; header_font=&#8221;Signika|600|||||||&#8221; custom_margin=&#8221;-26px|||||&#8221; global_colors_info=&#8221;{}&#8221;]<\/p>\n<p>23\/12\/2024<\/p>\n<p>[\/et_pb_text][et_pb_button button_url=&#8221;https:\/\/mailchi.mp\/a9b5b603ce45\/sin-ttulo-39043&#8243; url_new_window=&#8221;on&#8221; button_text=&#8221;Ver bolet\u00edn&#8221; _builder_version=&#8221;4.27.0&#8243; _module_preset=&#8221;default&#8221; custom_button=&#8221;on&#8221; button_text_size=&#8221;16px&#8221; button_text_color=&#8221;#FFFFFF&#8221; button_bg_color=&#8221;#003366&#8243; button_border_width=&#8221;4px&#8221; button_font=&#8221;Signika||||||||&#8221; button_use_icon=&#8221;off&#8221; custom_margin=&#8221;-20px||||false|false&#8221; global_colors_info=&#8221;{}&#8221;][\/et_pb_button][\/et_pb_column][et_pb_column type=&#8221;1_2&#8243; _builder_version=&#8221;4.16&#8243; custom_padding=&#8221;|||&#8221; global_colors_info=&#8221;{}&#8221; custom_padding__hover=&#8221;|||&#8221;][et_pb_image src=&#8221;https:\/\/www.salvemoslapatagonia.cl\/eng\/wp-content\/uploads\/2025\/02\/Boletin-01-680&#215;784.png&#8221; title_text=&#8221;Boleti\u0301n-01&#8243; _builder_version=&#8221;4.27.0&#8243; _module_preset=&#8221;default&#8221; locked=&#8221;off&#8221; global_colors_info=&#8221;{}&#8221;][\/et_pb_image][et_pb_text _builder_version=&#8221;4.27.0&#8243; text_font=&#8221;||||||||&#8221; text_text_color=&#8221;#7e7f93&#8243; text_font_size=&#8221;18px&#8221; header_font=&#8221;Signika|600|||||||&#8221; header_text_color=&#8221;#003366&#8243; header_font_size=&#8221;23px&#8221; header_3_font=&#8221;Merriweather|700|||||||&#8221; header_3_text_color=&#8221;#4646c4&#8243; header_3_font_size=&#8221;24px&#8221; header_3_line_height=&#8221;1.4em&#8221; custom_margin=&#8221;||1px||false|false&#8221; locked=&#8221;off&#8221; global_colors_info=&#8221;{}&#8221;]<\/p>\n<h1 class=\"style-scope ytd-watch-metadata\"><span style=\"font-size: 23px;\">\u00a1Primera edici\u00f3n de nuestro bolet\u00edn!<\/span><\/h1>\n<p>[\/et_pb_text][et_pb_text _builder_version=&#8221;4.27.0&#8243; _module_preset=&#8221;default&#8221; text_font=&#8221;Signika|600||on|||||&#8221; text_text_color=&#8221;#000000&#8243; text_font_size=&#8221;17px&#8221; global_colors_info=&#8221;{}&#8221;]<\/p>\n<p>SALVEMOS LA PATAGonia<\/p>\n<p>[\/et_pb_text][et_pb_text _builder_version=&#8221;4.27.0&#8243; text_font=&#8221;||||||||&#8221; text_text_color=&#8221;#7e7f93&#8243; text_font_size=&#8221;18px&#8221; header_font=&#8221;Signika|600|||||||&#8221; header_text_color=&#8221;#003366&#8243; header_font_size=&#8221;23px&#8221; header_3_font=&#8221;Merriweather|700|||||||&#8221; header_3_text_color=&#8221;#4646c4&#8243; header_3_font_size=&#8221;24px&#8221; header_3_line_height=&#8221;1.4em&#8221; custom_margin=&#8221;||-1px|||&#8221; locked=&#8221;off&#8221; global_colors_info=&#8221;{}&#8221;][\/et_pb_text][et_pb_text _builder_version=&#8221;4.27.0&#8243; _module_preset=&#8221;default&#8221; text_font=&#8221;Signika|300|||||||&#8221; text_font_size=&#8221;18px&#8221; header_font=&#8221;Signika|600|||||||&#8221; custom_margin=&#8221;-26px||||false|false&#8221; global_colors_info=&#8221;{}&#8221;]<\/p>\n<p>28\/11\/2024<\/p>\n<p>[\/et_pb_text][et_pb_button button_url=&#8221;https:\/\/mailchi.mp\/bad1c6c1d2f3\/sin-ttulo-35114&#8243; url_new_window=&#8221;on&#8221; button_text=&#8221;Ver bolet\u00edn&#8221; _builder_version=&#8221;4.27.0&#8243; _module_preset=&#8221;default&#8221; custom_button=&#8221;on&#8221; button_text_size=&#8221;16px&#8221; button_text_color=&#8221;#FFFFFF&#8221; button_bg_color=&#8221;#003366&#8243; button_border_width=&#8221;4px&#8221; button_font=&#8221;Signika||||||||&#8221; button_use_icon=&#8221;off&#8221; custom_margin=&#8221;-20px||||false|false&#8221; global_colors_info=&#8221;{}&#8221;][\/et_pb_button][\/et_pb_column][\/et_pb_row][\/et_pb_section]<\/p>\n","protected":false},"excerpt":{"rendered":"<p>Bolet\u00edn Agosto 2025SALVEMOS LA PATAGONIA29\/08\/2025Bolet\u00edn febrero 2025SALVEMOS LA PATAGonia28\/02\/2025Bolet\u00edn enero 2025SALVEMOS LA PATAGonia29\/01\/2025Bolet\u00edn diciembre 2024SALVEMOS LA PATAGonia23\/12\/2024\u00a1Primera edici\u00f3n de nuestro bolet\u00edn!SALVEMOS LA PATAGonia28\/11\/2024<\/p>\n","protected":false},"author":7,"featured_media":0,"parent":0,"menu_order":1,"comment_status":"closed","ping_status":"closed","template":"","meta":{"_et_pb_use_builder":"on","_et_pb_old_content":"","_et_gb_content_width":"","footnotes":""},"class_list":["post-239336","page","type-page","status-publish","hentry"],"yoast_head":"<!-- This site is optimized with the Yoast SEO plugin v27.4 - https:\/\/yoast.com\/product\/yoast-seo-wordpress\/ -->\n<title>Salvemos la Patagonia<\/title>\n<meta name=\"description\" content=\"Campa\u00f1a para sacar a la salmonicultura de las \u00e1reas protegidas de la Patagonia chilena, sin relocalizaci\u00f3n.\" \/>\n<meta name=\"robots\" content=\"noindex, follow\" \/>\n<meta property=\"og:locale\" content=\"en_US\" \/>\n<meta property=\"og:type\" content=\"article\" \/>\n<meta property=\"og:title\" content=\"Salvemos la Patagonia\" \/>\n<meta property=\"og:description\" content=\"Campa\u00f1a para sacar a la salmonicultura de las \u00e1reas protegidas de la Patagonia chilena, sin relocalizaci\u00f3n.\" \/>\n<meta property=\"og:url\" content=\"https:\/\/www.salvemoslapatagonia.cl\/eng\/boletin\/\" \/>\n<meta property=\"og:site_name\" content=\"Salvemos la Patagonia\" \/>\n<meta property=\"article:publisher\" content=\"https:\/\/www.facebook.com\/salvemoslapatagoniachile\" \/>\n<meta property=\"article:modified_time\" content=\"2025-09-02T16:26:57+00:00\" \/>\n<meta property=\"og:image\" content=\"https:\/\/www.salvemoslapatagonia.cl\/eng\/wp-content\/uploads\/2024\/06\/logoinstagram1.jpg\" \/>\n\t<meta property=\"og:image:width\" content=\"1459\" \/>\n\t<meta property=\"og:image:height\" content=\"1459\" \/>\n\t<meta property=\"og:image:type\" content=\"image\/jpeg\" \/>\n<meta name=\"twitter:card\" content=\"summary_large_image\" \/>\n<meta name=\"twitter:label1\" content=\"Est. reading time\" \/>\n\t<meta name=\"twitter:data1\" content=\"2 minutes\" \/>\n<script type=\"application\/ld+json\" class=\"yoast-schema-graph\">{\"@context\":\"https:\\\/\\\/schema.org\",\"@graph\":[{\"@type\":\"WebPage\",\"@id\":\"https:\\\/\\\/www.salvemoslapatagonia.cl\\\/eng\\\/boletin\\\/\",\"url\":\"https:\\\/\\\/www.salvemoslapatagonia.cl\\\/eng\\\/boletin\\\/\",\"name\":\"Salvemos la Patagonia\",\"isPartOf\":{\"@id\":\"https:\\\/\\\/www.salvemoslapatagonia.cl\\\/eng\\\/#website\"},\"datePublished\":\"2024-12-13T14:24:19+00:00\",\"dateModified\":\"2025-09-02T16:26:57+00:00\",\"description\":\"Campa\u00f1a para sacar a la salmonicultura de las \u00e1reas protegidas de la Patagonia chilena, sin relocalizaci\u00f3n.\",\"breadcrumb\":{\"@id\":\"https:\\\/\\\/www.salvemoslapatagonia.cl\\\/eng\\\/boletin\\\/#breadcrumb\"},\"inLanguage\":\"en-US\",\"potentialAction\":[{\"@type\":\"ReadAction\",\"target\":[\"https:\\\/\\\/www.salvemoslapatagonia.cl\\\/eng\\\/boletin\\\/\"]}]},{\"@type\":\"BreadcrumbList\",\"@id\":\"https:\\\/\\\/www.salvemoslapatagonia.cl\\\/eng\\\/boletin\\\/#breadcrumb\",\"itemListElement\":[{\"@type\":\"ListItem\",\"position\":1,\"name\":\"Portada\",\"item\":\"https:\\\/\\\/www.salvemoslapatagonia.cl\\\/eng\\\/\"},{\"@type\":\"ListItem\",\"position\":2,\"name\":\"Newsletter [Spanish]\"}]},{\"@type\":\"WebSite\",\"@id\":\"https:\\\/\\\/www.salvemoslapatagonia.cl\\\/eng\\\/#website\",\"url\":\"https:\\\/\\\/www.salvemoslapatagonia.cl\\\/eng\\\/\",\"name\":\"Salvemos la Patagonia\",\"description\":\"Por la defensa de sus \u00e1reas protegidas\",\"publisher\":{\"@id\":\"https:\\\/\\\/www.salvemoslapatagonia.cl\\\/eng\\\/#organization\"},\"potentialAction\":[{\"@type\":\"SearchAction\",\"target\":{\"@type\":\"EntryPoint\",\"urlTemplate\":\"https:\\\/\\\/www.salvemoslapatagonia.cl\\\/eng\\\/?s={search_term_string}\"},\"query-input\":{\"@type\":\"PropertyValueSpecification\",\"valueRequired\":true,\"valueName\":\"search_term_string\"}}],\"inLanguage\":\"en-US\"},{\"@type\":\"Organization\",\"@id\":\"https:\\\/\\\/www.salvemoslapatagonia.cl\\\/eng\\\/#organization\",\"name\":\"Salvemos La Patagonia\",\"url\":\"https:\\\/\\\/www.salvemoslapatagonia.cl\\\/eng\\\/\",\"logo\":{\"@type\":\"ImageObject\",\"inLanguage\":\"en-US\",\"@id\":\"https:\\\/\\\/www.salvemoslapatagonia.cl\\\/eng\\\/#\\\/schema\\\/logo\\\/image\\\/\",\"url\":\"https:\\\/\\\/www.salvemoslapatagonia.cl\\\/web\\\/wp-content\\\/uploads\\\/2024\\\/08\\\/logoinstagram0.jpg\",\"contentUrl\":\"https:\\\/\\\/www.salvemoslapatagonia.cl\\\/web\\\/wp-content\\\/uploads\\\/2024\\\/08\\\/logoinstagram0.jpg\",\"width\":1459,\"height\":1459,\"caption\":\"Salvemos La Patagonia\"},\"image\":{\"@id\":\"https:\\\/\\\/www.salvemoslapatagonia.cl\\\/eng\\\/#\\\/schema\\\/logo\\\/image\\\/\"},\"sameAs\":[\"https:\\\/\\\/www.facebook.com\\\/salvemoslapatagoniachile\",\"https:\\\/\\\/www.instagram.com\\\/salvemoslapatagonia\\\/\",\"https:\\\/\\\/www.tiktok.com\\\/@salvemoslapatagonia\"]}]}<\/script>\n<!-- \/ Yoast SEO plugin. -->","yoast_head_json":{"title":"Salvemos la Patagonia","description":"Campa\u00f1a para sacar a la salmonicultura de las \u00e1reas protegidas de la Patagonia chilena, sin relocalizaci\u00f3n.","robots":{"index":"noindex","follow":"follow"},"og_locale":"en_US","og_type":"article","og_title":"Salvemos la Patagonia","og_description":"Campa\u00f1a para sacar a la salmonicultura de las \u00e1reas protegidas de la Patagonia chilena, sin relocalizaci\u00f3n.","og_url":"https:\/\/www.salvemoslapatagonia.cl\/eng\/boletin\/","og_site_name":"Salvemos la Patagonia","article_publisher":"https:\/\/www.facebook.com\/salvemoslapatagoniachile","article_modified_time":"2025-09-02T16:26:57+00:00","og_image":[{"width":1459,"height":1459,"url":"https:\/\/www.salvemoslapatagonia.cl\/eng\/wp-content\/uploads\/2024\/06\/logoinstagram1.jpg","type":"image\/jpeg"}],"twitter_card":"summary_large_image","twitter_misc":{"Est. reading time":"2 minutes"},"schema":{"@context":"https:\/\/schema.org","@graph":[{"@type":"WebPage","@id":"https:\/\/www.salvemoslapatagonia.cl\/eng\/boletin\/","url":"https:\/\/www.salvemoslapatagonia.cl\/eng\/boletin\/","name":"Salvemos la Patagonia","isPartOf":{"@id":"https:\/\/www.salvemoslapatagonia.cl\/eng\/#website"},"datePublished":"2024-12-13T14:24:19+00:00","dateModified":"2025-09-02T16:26:57+00:00","description":"Campa\u00f1a para sacar a la salmonicultura de las \u00e1reas protegidas de la Patagonia chilena, sin relocalizaci\u00f3n.","breadcrumb":{"@id":"https:\/\/www.salvemoslapatagonia.cl\/eng\/boletin\/#breadcrumb"},"inLanguage":"en-US","potentialAction":[{"@type":"ReadAction","target":["https:\/\/www.salvemoslapatagonia.cl\/eng\/boletin\/"]}]},{"@type":"BreadcrumbList","@id":"https:\/\/www.salvemoslapatagonia.cl\/eng\/boletin\/#breadcrumb","itemListElement":[{"@type":"ListItem","position":1,"name":"Portada","item":"https:\/\/www.salvemoslapatagonia.cl\/eng\/"},{"@type":"ListItem","position":2,"name":"Newsletter [Spanish]"}]},{"@type":"WebSite","@id":"https:\/\/www.salvemoslapatagonia.cl\/eng\/#website","url":"https:\/\/www.salvemoslapatagonia.cl\/eng\/","name":"Salvemos la Patagonia","description":"Por la defensa de sus \u00e1reas protegidas","publisher":{"@id":"https:\/\/www.salvemoslapatagonia.cl\/eng\/#organization"},"potentialAction":[{"@type":"SearchAction","target":{"@type":"EntryPoint","urlTemplate":"https:\/\/www.salvemoslapatagonia.cl\/eng\/?s={search_term_string}"},"query-input":{"@type":"PropertyValueSpecification","valueRequired":true,"valueName":"search_term_string"}}],"inLanguage":"en-US"},{"@type":"Organization","@id":"https:\/\/www.salvemoslapatagonia.cl\/eng\/#organization","name":"Salvemos La Patagonia","url":"https:\/\/www.salvemoslapatagonia.cl\/eng\/","logo":{"@type":"ImageObject","inLanguage":"en-US","@id":"https:\/\/www.salvemoslapatagonia.cl\/eng\/#\/schema\/logo\/image\/","url":"https:\/\/www.salvemoslapatagonia.cl\/web\/wp-content\/uploads\/2024\/08\/logoinstagram0.jpg","contentUrl":"https:\/\/www.salvemoslapatagonia.cl\/web\/wp-content\/uploads\/2024\/08\/logoinstagram0.jpg","width":1459,"height":1459,"caption":"Salvemos La Patagonia"},"image":{"@id":"https:\/\/www.salvemoslapatagonia.cl\/eng\/#\/schema\/logo\/image\/"},"sameAs":["https:\/\/www.facebook.com\/salvemoslapatagoniachile","https:\/\/www.instagram.com\/salvemoslapatagonia\/","https:\/\/www.tiktok.com\/@salvemoslapatagonia"]}]}},"_links":{"self":[{"href":"https:\/\/www.salvemoslapatagonia.cl\/eng\/wp-json\/wp\/v2\/pages\/239336","targetHints":{"allow":["GET"]}}],"collection":[{"href":"https:\/\/www.salvemoslapatagonia.cl\/eng\/wp-json\/wp\/v2\/pages"}],"about":[{"href":"https:\/\/www.salvemoslapatagonia.cl\/eng\/wp-json\/wp\/v2\/types\/page"}],"author":[{"embeddable":true,"href":"https:\/\/www.salvemoslapatagonia.cl\/eng\/wp-json\/wp\/v2\/users\/7"}],"replies":[{"embeddable":true,"href":"https:\/\/www.salvemoslapatagonia.cl\/eng\/wp-json\/wp\/v2\/comments?post=239336"}],"version-history":[{"count":26,"href":"https:\/\/www.salvemoslapatagonia.cl\/eng\/wp-json\/wp\/v2\/pages\/239336\/revisions"}],"predecessor-version":[{"id":239826,"href":"https:\/\/www.salvemoslapatagonia.cl\/eng\/wp-json\/wp\/v2\/pages\/239336\/revisions\/239826"}],"wp:attachment":[{"href":"https:\/\/www.salvemoslapatagonia.cl\/eng\/wp-json\/wp\/v2\/media?parent=239336"}],"curies":[{"name":"wp","href":"https:\/\/api.w.org\/{rel}","templated":true}]}}